{"id":971,"date":"2018-06-13T21:34:11","date_gmt":"2018-06-13T21:34:11","guid":{"rendered":"http:\/\/euprint.mk\/?post_type=product&#038;p=971"},"modified":"2021-02-04T12:51:46","modified_gmt":"2021-02-04T12:51:46","slug":"16225","status":"publish","type":"product","link":"https:\/\/euprint.mk\/sq\/produkt\/16225\/","title":{"rendered":"16225"},"content":{"rendered":"<ul>\n<li>Ftesa me ekstra shtesa si (margaritar\u00eb, harqe, fjonga etj.) Jan\u00eb brenda paketimit, por duhet t\u00eb kompletohen nga klienti.<\/li>\n<li>Paketimet jan\u00eb me 50 ose 100 cop\u00eb.<\/li>\n<\/ul>","protected":false},"excerpt":{"rendered":"<ul>\n<li>Ftes\u00eb martese me zarf apostafat i b\u00ebr\u00eb p\u00ebr t\u00eb<\/li>\n<li>E punuar me cil\u00ebsi t\u00eb lart\u00eb<\/li>\n<li>Stampim t\u00eb ngritur, me detaje ari ose argjendi t\u00eb l\u00ebmuar<\/li>\n<li>Shtypur n\u00eb let\u00ebr t\u00eb trash\u00eb me nj\u00eb zarf q\u00eb p\u00ebrputhet<\/li>\n<\/ul>","protected":false},"featured_media":972,"comment_status":"open","ping_status":"closed","template":"","meta":[],"_links":{"self":[{"href":"https:\/\/euprint.mk\/sq\/wp-json\/wp\/v2\/product\/971"}],"collection":[{"href":"https:\/\/euprint.mk\/sq\/wp-json\/wp\/v2\/product"}],"about":[{"href":"https:\/\/euprint.mk\/sq\/wp-json\/wp\/v2\/types\/product"}],"replies":[{"embeddable":true,"href":"https:\/\/euprint.mk\/sq\/wp-json\/wp\/v2\/comments?post=971"}],"wp:featuredmedia":[{"embeddable":true,"href":"https:\/\/euprint.mk\/sq\/wp-json\/wp\/v2\/media\/972"}],"wp:attachment":[{"href":"https:\/\/euprint.mk\/sq\/wp-json\/wp\/v2\/media?parent=971"}],"curies":[{"name":"wp","href":"https:\/\/api.w.org\/{rel}","templated":true}]}}