{"id":368,"date":"2016-05-07T00:15:05","date_gmt":"2016-05-07T00:15:05","guid":{"rendered":"http:\/\/lab1.shufflehound.com\/experiments\/?post_type=product&#038;p=368"},"modified":"2021-06-13T10:12:55","modified_gmt":"2021-06-13T10:12:55","slug":"basic-t-shirt","status":"publish","type":"product","link":"https:\/\/euprint.mk\/sq\/produkt\/basic-t-shirt\/","title":{"rendered":"16201"},"content":{"rendered":"<p>Ftesa me ekstra shtesa si (margaritar\u00eb, harqe, fjonga etj.) Jan\u00eb brenda paketimit, por duhet t\u00eb kompletohen nga klienti.<\/p>\n<p>Paketimet jan\u00eb me 50 ose 100 cop\u00eb.<\/p>\n<p>&nbsp;<\/p>","protected":false},"excerpt":{"rendered":"<ul>\n<li>Ftes\u00eb martese me zarf apostafat i b\u00ebr\u00eb p\u00ebr t\u00eb<\/li>\n<li>E punuar me cil\u00ebsi t\u00eb lart\u00eb<\/li>\n<li>Stampim t\u00eb ngritur, me detaje ari ose argjendi t\u00eb l\u00ebmuar<\/li>\n<li>Shtypur n\u00eb let\u00ebr t\u00eb trash\u00eb me nj\u00eb zarf q\u00eb p\u00ebrputhet<\/li>\n<\/ul>","protected":false},"featured_media":964,"comment_status":"open","ping_status":"closed","template":"","meta":[],"_links":{"self":[{"href":"https:\/\/euprint.mk\/sq\/wp-json\/wp\/v2\/product\/368"}],"collection":[{"href":"https:\/\/euprint.mk\/sq\/wp-json\/wp\/v2\/product"}],"about":[{"href":"https:\/\/euprint.mk\/sq\/wp-json\/wp\/v2\/types\/product"}],"replies":[{"embeddable":true,"href":"https:\/\/euprint.mk\/sq\/wp-json\/wp\/v2\/comments?post=368"}],"wp:featuredmedia":[{"embeddable":true,"href":"https:\/\/euprint.mk\/sq\/wp-json\/wp\/v2\/media\/964"}],"wp:attachment":[{"href":"https:\/\/euprint.mk\/sq\/wp-json\/wp\/v2\/media?parent=368"}],"curies":[{"name":"wp","href":"https:\/\/api.w.org\/{rel}","templated":true}]}}