{"id":1307,"date":"2019-08-31T13:54:59","date_gmt":"2019-08-31T13:54:59","guid":{"rendered":"http:\/\/euprint.mk\/?post_type=product&#038;p=1307"},"modified":"2025-02-28T09:37:18","modified_gmt":"2025-02-28T09:37:18","slug":"4630-printy","status":"publish","type":"product","link":"https:\/\/euprint.mk\/sq\/produkt\/4630-printy\/","title":{"rendered":"4630 Printy"},"content":{"rendered":"<p>Ky \u00ebsht\u00eb nj\u00eb nga modelet m\u00eb t\u00eb shitur kur b\u00ebhet fjal\u00eb p\u00ebr vula t\u00eb rrumbullak\u00ebta.<\/p>\n<p>Trodat`i ka b\u00ebr\u00eb nj\u00eb pamje t\u00eb mrekullueshme t\u00eb jashtme, por gjithashtu duke mos humbur cil\u00ebsin\u00eb ose q\u00ebndrueshm\u00ebrin\u00eb.<\/p>\n<p>Nj\u00eb kryevep\u00ebr e v\u00ebrtet\u00eb nga Austrija.<\/p>","protected":false},"excerpt":{"rendered":"<p>\u2022 Vul\u00eb e rrumbull automatike<\/p>\n<p>\u2022 \u00d830mm madh\u00ebsia maksimale e tekstit<\/p>\n<p>\u2022 Pamja e jashtme cil\u00ebsore dhe moderne<\/p>\n<p>\u2022 Produkti m\u00eb i shitur n\u00eb klas\u00ebn e vet<\/p>","protected":false},"featured_media":1311,"comment_status":"open","ping_status":"closed","template":"","meta":[],"_links":{"self":[{"href":"https:\/\/euprint.mk\/sq\/wp-json\/wp\/v2\/product\/1307"}],"collection":[{"href":"https:\/\/euprint.mk\/sq\/wp-json\/wp\/v2\/product"}],"about":[{"href":"https:\/\/euprint.mk\/sq\/wp-json\/wp\/v2\/types\/product"}],"replies":[{"embeddable":true,"href":"https:\/\/euprint.mk\/sq\/wp-json\/wp\/v2\/comments?post=1307"}],"wp:featuredmedia":[{"embeddable":true,"href":"https:\/\/euprint.mk\/sq\/wp-json\/wp\/v2\/media\/1311"}],"wp:attachment":[{"href":"https:\/\/euprint.mk\/sq\/wp-json\/wp\/v2\/media?parent=1307"}],"curies":[{"name":"wp","href":"https:\/\/api.w.org\/{rel}","templated":true}]}}