{"id":1029,"date":"2018-06-14T22:28:00","date_gmt":"2018-06-14T22:28:00","guid":{"rendered":"http:\/\/euprint.mk\/?post_type=product&#038;p=1029"},"modified":"2021-02-04T12:51:46","modified_gmt":"2021-02-04T12:51:46","slug":"2630","status":"publish","type":"product","link":"https:\/\/euprint.mk\/sq\/produkt\/2630\/","title":{"rendered":"2630"},"content":{"rendered":"<ul>\n<li>Ftesa me ekstra shtesa si (margaritar\u00eb, harqe, fjonga etj.) Jan\u00eb brenda paketimit, por duhet t\u00eb kompletohen nga klienti.<\/li>\n<li>Paketimet jan\u00eb me 50 ose 100 cop\u00eb.<\/li>\n<\/ul>","protected":false},"excerpt":{"rendered":"<div class=\"woo-short-description\">\n<div class=\"woo-short-description\">\n<div class=\"woo-short-description\">\n<ul>\n<li>Ftes\u00eb martese me zarf apostafat i b\u00ebr\u00eb p\u00ebr t\u00eb<\/li>\n<li>E punuar me cil\u00ebsi t\u00eb lart\u00eb<\/li>\n<li>Stampim t\u00eb ngritur, me detaje ari ose argjendi t\u00eb l\u00ebmuar<\/li>\n<li>Shtypur n\u00eb let\u00ebr t\u00eb trash\u00eb me nj\u00eb zarf q\u00eb p\u00ebrputhet<\/li>\n<\/ul>\n<\/div>\n<\/div>\n<\/div>","protected":false},"featured_media":1030,"comment_status":"open","ping_status":"closed","template":"","meta":[],"_links":{"self":[{"href":"https:\/\/euprint.mk\/sq\/wp-json\/wp\/v2\/product\/1029"}],"collection":[{"href":"https:\/\/euprint.mk\/sq\/wp-json\/wp\/v2\/product"}],"about":[{"href":"https:\/\/euprint.mk\/sq\/wp-json\/wp\/v2\/types\/product"}],"replies":[{"embeddable":true,"href":"https:\/\/euprint.mk\/sq\/wp-json\/wp\/v2\/comments?post=1029"}],"wp:featuredmedia":[{"embeddable":true,"href":"https:\/\/euprint.mk\/sq\/wp-json\/wp\/v2\/media\/1030"}],"wp:attachment":[{"href":"https:\/\/euprint.mk\/sq\/wp-json\/wp\/v2\/media?parent=1029"}],"curies":[{"name":"wp","href":"https:\/\/api.w.org\/{rel}","templated":true}]}}