{"id":1277,"date":"2019-08-30T14:43:56","date_gmt":"2019-08-30T14:43:56","guid":{"rendered":"http:\/\/euprint.mk\/?page_id=1277"},"modified":"2019-08-30T14:43:58","modified_gmt":"2019-08-30T14:43:58","slug":"about-us","status":"publish","type":"page","link":"https:\/\/euprint.mk\/sq\/about-us\/","title":{"rendered":"Reth Nesh"},"content":{"rendered":"<section class=\"sh-section sh-section-4976dfca78f0e3ea7180cf7a9c8e9542 fw-main-row sh-section-visibility-everywhere\">\r\n\t\r\n\t\r\n\t<div class=\"sh-section-container container\">\r\n\t\t<div class=\"fw-row\">\n\t\n<div class=\"sh-column sh-column-c970df9a7ed2f495ec7f81e9995d86c1 fw-col-xs-12\" >\n\n\t\n\t<div class=\"sh-column-wrapper\">\n\t\t\n<div class=\"sh-heading sh-animated zoomIn\" id=\"heading-43ee709aa69cfe82dc58759073211f00\"data-wow-duration=\"2s\">\n\t<h1 class=\"sh-heading-content size-default text-left\">\n\t\tShtypshkronj\u00eb me tradit\u00eb q\u00eb nga viti 1971...\t<\/h1>\n<\/div>\t<\/div>\n<\/div>\n<\/div>\n\n<div class=\"fw-row\">\n\t\n<div class=\"sh-column sh-column-c970df9a7ed2f495ec7f81e9995d86c1 fw-col-xs-12\" >\n\n\t\n\t<div class=\"sh-column-wrapper\">\n\t\t\n<div id=\"text-block-61bcd85f6e1809019945c0e083f9c5cb\" class=\"sh-text-block\">\n\t<p><strong>EU Print<\/strong>, \u00ebsht\u00eb n\u00eb pron\u00ebsi private dhe operon si nj\u00eb kompani q\u00eb ofron sh\u00ebrbim t\u00eb plot\u00eb n\u00eb l\u00ebmin\u00eb e shtypit dhe sh\u00ebrbimeve lidhur me t\u00eb, me qend\u00ebr n\u00eb Strug\u00eb, Maqedoni. Ne p\u00ebrpiqemi p\u00ebr t\u00eb p\u00ebrmbushur t\u00eb gjitha nevojat tuaja t\u00eb shtypjes. Ne jemi t\u00eb p\u00ebrkushtuar p\u00ebr zgjidhje me kosto efektive dhe gjithmon\u00eb mundohemi t\u00eb ofrojm\u00eb sh\u00ebrbimet m\u00eb t\u00eb mira p\u00ebr klient\u00ebt tan\u00eb. Ne punojm\u00eb individualisht me secilin prej klient\u00ebve tan\u00eb p\u00ebr t\u00eb p\u00ebrmbushur k\u00ebrkesat dhe nevojat e tyre t\u00eb m\u00ebdha n\u00eb shtypje. Q\u00ebllimi yn\u00eb \u00ebsht\u00eb q\u00eb t\u00eb kemi teknologjin\u00eb m\u00eb t\u00eb re dhe aktuale n\u00eb treg dhe t\u00eb pun\u00ebsojm\u00eb njer\u00ebzit me p\u00ebrvoj\u00eb dhe inovator\u00eb n\u00eb industrin\u00eb e shtypit. Ne masim suksesin ton\u00eb, jo nga shifrat e shitjeve tona, por nga k\u00ebnaq\u00ebsia dhe jet\u00ebgjat\u00ebsia e klient\u00ebve tan\u00eb. Ne jemi shtypshronja e Strug\u00ebs.<\/p><p><strong>Themeluar n\u00eb vitin 1971<\/strong>, ne jemi krenar\u00eb t\u00eb tejkalojm\u00eb mbi 40 vjet p\u00ebrvoj\u00eb n\u00eb terren dhe sh\u00ebrbime n\u00eb shtypje. Me teknologji dhe pajisje t\u00eb p\u00ebrparuar, ne jemi n\u00eb gjendje t\u00eb ofrojm\u00eb sh\u00ebrbime me cil\u00ebsi t\u00eb shpejt\u00eb dhe t\u00eb lart\u00eb duke kursyer koh\u00eb dhe para klient\u00ebve tan\u00eb. \u00c7do klient \u00ebsht\u00eb klienti yn\u00eb m\u00eb i r\u00ebnd\u00ebsish\u00ebm. Na tregoni se si mund t'ju ndihmojm\u00eb sot. Ne nuk jemi vet\u00ebm shtypshronja juaj, ne jemi miku juaj!<\/p><p>&nbsp;<\/p><p><figure id=\"attachment_1077\" aria-describedby=\"caption-attachment-1077\" style=\"width: 221px\" class=\"wp-caption aligncenter\"><img class=\"wp-image-1077\" src=\"http:\/\/euprint.mk\/wp-content\/uploads\/2018\/06\/Kadri2-258x300.jpg\" alt=\"\" width=\"221\" height=\"257\" \/><figcaption id=\"caption-attachment-1077\" class=\"wp-caption-text\">Kadri Peso\u00e7an-Shabani<\/figcaption><\/figure><\/p><p><strong>N\u00eb Mars t\u00eb vitit 1971<\/strong>, babi yn\u00eb <strong>Kadri Peso\u00e7an-Shabani<\/strong> (i ndjer\u00eb), themelues \/ CEO, fillimisht hapi Dyqanin e shtyp \u201c4 Juli\u201d n\u00eb Strug\u00eb. Dyqani p\u00ebrb\u00ebhej nga nj\u00eb maqin\u00eb shtypi e vog\u00ebl, gijotin\u00eb (thik\u00eb) dore dhe nj\u00eb punonj\u00ebs (ai vet\u00eb). P\u00ebrmes pun\u00ebs s\u00eb palodhur dhe vendosm\u00ebris\u00eb, ai ishte n\u00eb gjendje t\u00eb krijonte nj\u00eb reputacion p\u00ebr printime cil\u00ebsore dhe t\u00eb edukonte djemt\u00eb e tij me sekretet e k\u00ebsaj zeje moderne. Biznesi u rrit p\u00ebrmes nd\u00ebrtimit t\u00eb marr\u00ebdh\u00ebnieve brenda industris\u00eb s\u00eb shtypjes dhe si rezultat u zgjerua dhe u riem\u00ebrua n\u00eb EU Print n\u00eb vitin 1999.<\/p><p><strong>Kjo Shtypshkronj\u00eb familjare<\/strong> lokale vazhdon t\u00eb siguroj\u00eb sh\u00ebrbime shtypjeje me cil\u00ebsi t\u00eb lart\u00eb p\u00ebr bizneset dhe organizatat vendore n\u00eb Strug\u00eb, Oh\u00ebr, Dib\u00ebr dhe pjes\u00ebn tjet\u00ebr t\u00eb Maqedonis\u00eb. Koh\u00ebt e fundit kemi filluar pun\u00ebn e vazhdueshme me disa kompani serioze n\u00eb Zvic\u00ebr, Gjermani dhe Austri. Me udh\u00ebheqjen e Urim dhe Eshtref Shabani, EU Print do t\u00eb vazhdoj\u00eb t\u00eb p\u00ebrqendrohet n\u00eb ofrimin e sh\u00ebrbimeve cil\u00ebsore me \u00e7mime t\u00eb p\u00ebrballueshme p\u00ebr klient\u00ebt tan\u00eb. Ne jemi gjithmon\u00eb n\u00eb l\u00ebvizje p\u00ebrpara duke ndjekur k\u00ebt\u00eb teknologji e cila vazhdimisht modernizohet.<\/p><\/div>\t<\/div>\n<\/div>\n<\/div>\n\n\t<\/div>\r\n<\/section>","protected":false},"excerpt":{"rendered":"<p>Tradition in Printing since 1971&#8230; EU Print, is locally owned and operates as a full service printing company based in Struga, Macedonia. We strive for excellence to meet all your printing needs. We are dedicated to cost-effective solutions and committed to providing the best services&#8230;<\/p>","protected":false},"author":1,"featured_media":0,"parent":0,"menu_order":0,"comment_status":"closed","ping_status":"closed","template":"","meta":[],"_links":{"self":[{"href":"https:\/\/euprint.mk\/sq\/wp-json\/wp\/v2\/pages\/1277"}],"collection":[{"href":"https:\/\/euprint.mk\/sq\/wp-json\/wp\/v2\/pages"}],"about":[{"href":"https:\/\/euprint.mk\/sq\/wp-json\/wp\/v2\/types\/page"}],"author":[{"embeddable":true,"href":"https:\/\/euprint.mk\/sq\/wp-json\/wp\/v2\/users\/1"}],"replies":[{"embeddable":true,"href":"https:\/\/euprint.mk\/sq\/wp-json\/wp\/v2\/comments?post=1277"}],"version-history":[{"count":12,"href":"https:\/\/euprint.mk\/sq\/wp-json\/wp\/v2\/pages\/1277\/revisions"}],"predecessor-version":[{"id":1289,"href":"https:\/\/euprint.mk\/sq\/wp-json\/wp\/v2\/pages\/1277\/revisions\/1289"}],"wp:attachment":[{"href":"https:\/\/euprint.mk\/sq\/wp-json\/wp\/v2\/media?parent=1277"}],"curies":[{"name":"wp","href":"https:\/\/api.w.org\/{rel}","templated":true}]}}