{"id":1048,"date":"2018-06-24T14:02:44","date_gmt":"2018-06-24T14:02:44","guid":{"rendered":"http:\/\/euprint.mk\/?post_type=product&#038;p=1048"},"modified":"2021-02-04T12:52:07","modified_gmt":"2021-02-04T12:52:07","slug":"2149","status":"publish","type":"product","link":"http:\/\/euprint.mk\/sq\/produkt\/2149\/","title":{"rendered":"2149"},"content":{"rendered":"<p>Ftesa me ekstra shtesa si (margaritar\u00eb, harqe, fjonga etj.) Jan\u00eb brenda paketimit, por duhet t\u00eb kompletohen nga klienti.<\/p>","protected":false},"excerpt":{"rendered":"<div class=\"woo-short-description\">\n<div class=\"woo-short-description\">\n<ul>\n<li>Ftes\u00eb martese me zarf apostafat i b\u00ebr\u00eb p\u00ebr t\u00eb<\/li>\n<li>E punuar me cil\u00ebsi t\u00eb lart\u00eb<\/li>\n<li>Stampim t\u00eb ngritur, me detaje ari ose argjendi t\u00eb l\u00ebmuar<\/li>\n<li>Shtypur n\u00eb let\u00ebr t\u00eb trash\u00eb me nj\u00eb zarf q\u00eb p\u00ebrputhet<\/li>\n<\/ul>\n<\/div>\n<\/div>","protected":false},"featured_media":1049,"comment_status":"open","ping_status":"closed","template":"","meta":[],"_links":{"self":[{"href":"http:\/\/euprint.mk\/sq\/wp-json\/wp\/v2\/product\/1048"}],"collection":[{"href":"http:\/\/euprint.mk\/sq\/wp-json\/wp\/v2\/product"}],"about":[{"href":"http:\/\/euprint.mk\/sq\/wp-json\/wp\/v2\/types\/product"}],"replies":[{"embeddable":true,"href":"http:\/\/euprint.mk\/sq\/wp-json\/wp\/v2\/comments?post=1048"}],"wp:featuredmedia":[{"embeddable":true,"href":"http:\/\/euprint.mk\/sq\/wp-json\/wp\/v2\/media\/1049"}],"wp:attachment":[{"href":"http:\/\/euprint.mk\/sq\/wp-json\/wp\/v2\/media?parent=1048"}],"curies":[{"name":"wp","href":"https:\/\/api.w.org\/{rel}","templated":true}]}}